{"id":9,"date":"2010-11-09T11:30:07","date_gmt":"2010-11-09T10:30:07","guid":{"rendered":"http:\/\/budakalasz-zarszerviz.hu\/?page_id=9"},"modified":"2011-03-23T10:51:45","modified_gmt":"2011-03-23T09:51:45","slug":"regisztracio","status":"publish","type":"page","link":"https:\/\/budakalasz-zarszerviz.hu\/?page_id=9","title":{"rendered":"Regisztr\u00e1ci\u00f3"},"content":{"rendered":"<h2>ITT AZ IDEJE, HOGY BEL\u00c9PJEN TAGJAINK K\u00d6Z\u00c9<\/h2>\n<p style=\"text-align: justify;\">\u00cdme n\u00e9h\u00e1ny indok, mi\u00e9rt jelentkezzen m\u00e9g  ma: nyaral\u00e1s k\u00f6zben elvesz\u00edti kocsij\u00e1nak kulcsait. Soha nem tudhatja,  mikor  l\u00e9p ki egy alkalmazottja an\u00e9lk\u00fcl, hogy visszaadn\u00e1 a kulcsokat.  Nem  tervezi, hogy b\u00e1rmikor kiz\u00e1rja mag\u00e1t kocsij\u00e1b\u00f3l, lak\u00e1s\u00e1b\u00f3l vagy   irod\u00e1j\u00e1b\u00f3l. Senki nem tudhatja, mikor ker\u00fcl olyan v\u00e9szhelyzetbe, amikor   sz\u00fcks\u00e9ge lehet az \u00e1ltalunk k\u00edn\u00e1lt szolg\u00e1ltat\u00e1sokra.<\/p>\n<h2>TAGS\u00c1GGAL J\u00c1R\u00d3 EL\u0150NY\u00d6K<\/h2>\n<p style=\"text-align: justify;\">Els\u0151bbs\u00e9gi \u00fcgyfel\u00fcnkk\u00e9 v\u00e1lik, gyorsabb  szolg\u00e1ltat\u00e1sokban r\u00e9szes\u00fcl.  INGYENES biztons\u00e1gi tan\u00e1csad\u00e1s 10 %  kedvezm\u00e9ny az \u00f6sszes  szolg\u00e1ltat\u00e1sunkra. Kiterjesztett garancia az \u00faj  beszerel\u00e9s\u0171 z\u00e1rakra.  Kiemelt \u00fcgyf\u00e9lkapcsolati munkat\u00e1rs \u00e9s lakatos  szakember foglalkozik  \u00d6nnel. Amennyiben beaj\u00e1nl minket egy bar\u00e1tj\u00e1nak  vagy csal\u00e1dtagj\u00e1nak,  tagk\u00e9nt 15 % kedvezm\u00e9nyt kap k\u00f6vetkez\u0151  szolg\u00e1ltat\u00e1sunkb\u00f3l.<\/p>\n<p>Csatlakozzon m\u00e9g ma \u00e9s haszn\u00e1lja ki az el\u0151ny\u00f6ket!<\/p>\n<h2>Regisztr\u00e1ci\u00f3<\/h2>\n<p>\u00daj sz\u00e1mla adatai (minden mez\u0151 kit\u00f6lt\u00e9se k\u00f6telez\u0151)<\/p>\n<p>K\u00e9rem, regisztr\u00e1ljon az aktiv\u00e1l\u00e1shoz:<\/p>\n<p><iframe loading=\"lazy\" src=\"http:\/\/www.multisecurity.hu\/contact\/contactform-feher.html\"  frameborder=\"0\" scrolling=\"No\" align=\"middle\" name=\"reigsztr\u00e1ci\u00f3s form\" marginheight=\"0\" marginwidth=\"0\" height=\"350px\" width=\"100%\" ><\/iframe><br \/>\nA regisztr\u00e1l\u00e1st k\u00f6vet\u0151en \u00fcgyf\u00e9lszolg\u00e1latunk felveszi \u00d6nnel a kapcsolatot.<\/p>\n","protected":false},"excerpt":{"rendered":"<p>ITT AZ IDEJE, HOGY BEL\u00c9PJEN TAGJAINK K\u00d6Z\u00c9 \u00cdme n\u00e9h\u00e1ny indok, mi\u00e9rt jelentkezzen m\u00e9g ma: nyaral\u00e1s k\u00f6zben elvesz\u00edti kocsij\u00e1nak kulcsait. Soha nem tudhatja, mikor l\u00e9p ki egy alkalmazottja an\u00e9lk\u00fcl, hogy visszaadn\u00e1 a kulcsokat. Nem tervezi, hogy b\u00e1rmikor kiz\u00e1rja mag\u00e1t kocsij\u00e1b\u00f3l, lak\u00e1s\u00e1b\u00f3l vagy irod\u00e1j\u00e1b\u00f3l. Senki nem tudhatja, mikor ker\u00fcl olyan v\u00e9szhelyzetbe, amikor sz\u00fcks\u00e9ge lehet az \u00e1ltalunk k\u00edn\u00e1lt [&hellip;]<\/p>\n","protected":false},"author":1,"featured_media":0,"parent":0,"menu_order":0,"comment_status":"closed","ping_status":"closed","template":"","meta":[],"_links":{"self":[{"href":"https:\/\/budakalasz-zarszerviz.hu\/index.php?rest_route=\/wp\/v2\/pages\/9"}],"collection":[{"href":"https:\/\/budakalasz-zarszerviz.hu\/index.php?rest_route=\/wp\/v2\/pages"}],"about":[{"href":"https:\/\/budakalasz-zarszerviz.hu\/index.php?rest_route=\/wp\/v2\/types\/page"}],"author":[{"embeddable":true,"href":"https:\/\/budakalasz-zarszerviz.hu\/index.php?rest_route=\/wp\/v2\/users\/1"}],"replies":[{"embeddable":true,"href":"https:\/\/budakalasz-zarszerviz.hu\/index.php?rest_route=%2Fwp%2Fv2%2Fcomments&post=9"}],"version-history":[{"count":5,"href":"https:\/\/budakalasz-zarszerviz.hu\/index.php?rest_route=\/wp\/v2\/pages\/9\/revisions"}],"predecessor-version":[{"id":24,"href":"https:\/\/budakalasz-zarszerviz.hu\/index.php?rest_route=\/wp\/v2\/pages\/9\/revisions\/24"}],"wp:attachment":[{"href":"https:\/\/budakalasz-zarszerviz.hu\/index.php?rest_route=%2Fwp%2Fv2%2Fmedia&parent=9"}],"curies":[{"name":"wp","href":"https:\/\/api.w.org\/{rel}","templated":true}]}}